{"id":8744,"date":"2024-12-03T10:54:19","date_gmt":"2024-12-03T10:54:19","guid":{"rendered":"https:\/\/vinarijagrabovac.hr\/product\/2023-chardonnay-riserva\/"},"modified":"2026-03-05T23:49:55","modified_gmt":"2026-03-05T23:49:55","slug":"2023-chardonnay-riserva","status":"publish","type":"product","link":"https:\/\/vinarijagrabovac.hr\/hr\/proizvod\/2023-chardonnay-riserva\/","title":{"rendered":"2023 Chardonnay Riserva"},"content":{"rendered":"<p><strong>DEGUSTACIJSKE BILJE\u0160KE<\/strong><\/p>\n<p><span class=\"ui-provider a b c d e f g h i j k l m n o p q r s t u v w x y z ab ac ae af ag ah ai aj ak\" dir=\"ltr\">Srednje do punoga tijela, s bogatim i sna\u017enim okusom. Tipi\u010dna aroma Chardonnaya odle\u017ealog u hrastu. Agrumi obavijeni aromom vanilije s daljnjim aromama oraha, fermentiranog vo\u0107a, meda i prepe\u010denog kruha. Na nepcu izra\u017eena slana mineralnost prelazi u okuse agruma i zelene jabuke s glatkom i kremastom teksturom pra\u0107enom izrazitim mineralnim posljednjem okusom. Dobro se sla\u017ee s raznim jelima, uklju\u010duju\u0107i plodove mora, piletinu te kremaste ri\u017eote i tjestenine.<\/span><\/p>\n<p><strong>TEHNI\u010cKE INFORMACIJE<\/strong><\/p>\n<p><span class=\"ui-provider a b c d e f g h i j k l m n o p q r s t u v w x y z ab ac ae af ag ah ai aj ak\" dir=\"ltr\">Hrvatski i francuski barrique &amp; cisterna od nehr\u0111aju\u0107eg \u010delika | 12 mjeseci odle\u017eavanja |<br \/>\nDjelomi\u010dna malolakti\u010dna fermentacija<br \/>\nFla\u0161irano lipanj 2025.<br \/>\n100% Chardonnay<br \/>\n14,0% ABV | 3,35 pH | 6,0 g\/L TA<\/span><\/p>\n<p><strong>PODRIJETLO VINOGRADA<\/strong><\/p>\n<p><span class=\"ui-provider a b c d e f g h i j k l m n o p q r s t u v w x y z ab ac ae af ag ah ai aj ak\" dir=\"ltr\">Vinograd Vu\u010dja draga s pogledom na Imotsko polje. Vinograd ima tzv. dvostruku insolaciju zbog usitnjenog vapnenca na povr\u0161ini tla. (Mikro)klima je mediteranska s blagim kontinentalnim utjecajem, karakterizirana visokim amplitudama izme\u0111u dnevnih i no\u0107nih temperatura tijekom sezone zrenja.<br \/>\nTlo: Crveno tlo s usitnjenim vapnena\u010dkim \u0161ljunkom<br \/>\nNadmorska visina: 400 &#8211; 450 m<\/span><\/p>\n<p><strong>POTENCIJAL ODLE\u017dAVANJA<\/strong><\/p>\n<p>Pijte odmah do 2032.<\/p>\n","protected":false},"excerpt":{"rendered":"<p><em><span class=\"ui-provider a b c d e f g h i j k l m n o p q r s t u v w x y z ab ac ae af ag ah ai aj ak\" dir=\"ltr\">Dalmatinska Zagora | Vinogorje Imotski | Vu\u010dja draga<\/span><\/em><\/p>\n<p><span class=\"ui-provider a b c d e f g h i j k l m n o p q r s t u v w x y z ab ac ae af ag ah ai aj ak\" dir=\"ltr\"><br \/>\nChardonnay je jedna od najra\u0161irenijih sorti gro\u017e\u0111a na svijetu,<br \/>\nuzgaja se u raznim klimama i tipovima tla, \u0161to rezultira \u0161irokim rasponom stilova<br \/>\ni okusa.<\/span><\/p>\n","protected":false},"featured_media":8000,"comment_status":"closed","ping_status":"closed","template":"","meta":{"site-sidebar-layout":"default","site-content-layout":"","ast-site-content-layout":"default","site-content-style":"default","site-sidebar-style":"default","ast-global-header-display":"","ast-banner-title-visibility":"","ast-main-header-display":"","ast-hfb-above-header-display":"","ast-hfb-below-header-display":"","ast-hfb-mobile-header-display":"","site-post-title":"","ast-breadcrumbs-content":"","ast-featured-img":"","footer-sml-layout":"","theme-transparent-header-meta":"default","adv-header-id-meta":"","stick-header-meta":"default","header-above-stick-meta":"","header-main-stick-meta":"","header-below-stick-meta":"","astra-migrate-meta-layouts":"default","ast-page-background-enabled":"default","ast-page-background-meta":{"desktop":{"background-color":"var(--ast-global-color-4)","background-image":"","background-repeat":"repeat","background-position":"center center","background-size":"auto","background-attachment":"scroll","background-type":"","background-media":"","overlay-type":"","overlay-color":"","overlay-gradient":""},"tablet":{"background-color":"","background-image":"","background-repeat":"repeat","background-position":"center center","background-size":"auto","background-attachment":"scroll","background-type":"","background-media":"","overlay-type":"","overlay-color":"","overlay-gradient":""},"mobile":{"background-color":"","background-image":"","background-repeat":"repeat","background-position":"center center","background-size":"auto","background-attachment":"scroll","background-type":"","background-media":"","overlay-type":"","overlay-color":"","overlay-gradient":""}},"ast-content-background-meta":{"desktop":{"background-color":"var(--ast-global-color-5)","background-image":"","background-repeat":"repeat","background-position":"center center","background-size":"auto","background-attachment":"scroll","background-type":"","background-media":"","overlay-type":"","overlay-color":"","overlay-gradient":""},"tablet":{"background-color":"var(--ast-global-color-5)","background-image":"","background-repeat":"repeat","background-position":"center center","background-size":"auto","background-attachment":"scroll","background-type":"","background-media":"","overlay-type":"","overlay-color":"","overlay-gradient":""},"mobile":{"background-color":"var(--ast-global-color-5)","background-image":"","background-repeat":"repeat","background-position":"center center","background-size":"auto","background-attachment":"scroll","background-type":"","background-media":"","overlay-type":"","overlay-color":"","overlay-gradient":""}}},"product_cat":[78,73],"product_tag":[],"class_list":{"0":"post-8744","1":"product","2":"type-product","3":"status-publish","4":"has-post-thumbnail","6":"product_cat-bijelo-vino","7":"product_cat-riserva","8":"desktop-align-center","9":"tablet-align-left","10":"mobile-align-left","11":"ast-product-gallery-layout-vertical-slider","12":"ast-product-tabs-layout-horizontal","14":"first","15":"instock","16":"taxable","17":"shipping-taxable","18":"purchasable","19":"product-type-simple"},"_links":{"self":[{"href":"https:\/\/vinarijagrabovac.hr\/hr\/wp-json\/wp\/v2\/product\/8744","targetHints":{"allow":["GET"]}}],"collection":[{"href":"https:\/\/vinarijagrabovac.hr\/hr\/wp-json\/wp\/v2\/product"}],"about":[{"href":"https:\/\/vinarijagrabovac.hr\/hr\/wp-json\/wp\/v2\/types\/product"}],"replies":[{"embeddable":true,"href":"https:\/\/vinarijagrabovac.hr\/hr\/wp-json\/wp\/v2\/comments?post=8744"}],"version-history":[{"count":0,"href":"https:\/\/vinarijagrabovac.hr\/hr\/wp-json\/wp\/v2\/product\/8744\/revisions"}],"wp:featuredmedia":[{"embeddable":true,"href":"https:\/\/vinarijagrabovac.hr\/hr\/wp-json\/wp\/v2\/media\/8000"}],"wp:attachment":[{"href":"https:\/\/vinarijagrabovac.hr\/hr\/wp-json\/wp\/v2\/media?parent=8744"}],"wp:term":[{"taxonomy":"product_cat","embeddable":true,"href":"https:\/\/vinarijagrabovac.hr\/hr\/wp-json\/wp\/v2\/product_cat?post=8744"},{"taxonomy":"product_tag","embeddable":true,"href":"https:\/\/vinarijagrabovac.hr\/hr\/wp-json\/wp\/v2\/product_tag?post=8744"}],"curies":[{"name":"wp","href":"https:\/\/api.w.org\/{rel}","templated":true}]}}