{"id":8751,"date":"2024-12-05T08:20:39","date_gmt":"2024-12-05T08:20:39","guid":{"rendered":"https:\/\/vinarijagrabovac.hr\/product\/2021-modro-jezero-selekcija\/"},"modified":"2026-03-05T23:49:56","modified_gmt":"2026-03-05T23:49:56","slug":"2021-modro-jezero-selekcija","status":"publish","type":"product","link":"https:\/\/vinarijagrabovac.hr\/hr\/proizvod\/2021-modro-jezero-selekcija\/","title":{"rendered":"2021 Modro Jezero Selekcija"},"content":{"rendered":"<p><strong>DEGUSTACIJSKE BILJE\u0160KE<\/strong><\/p>\n<p><span class=\"ui-provider a b c d e f g h i j k l m n o p q r s t u v w x y z ab ac ae af ag ah ai aj ak\" dir=\"ltr\">Srednje punovno i lagano za pi\u0107e crno vino bordeaux stila sa mediteranskim karakterom. Duboka rubinsko crvena boja s ljubi\u010dastim odsjajima. Note za\u010dina i \u010dokolade pra\u0107ene kupinom, tre\u0161njom i crnim ribizlom. Elegantan i zaobljen okus s izra\u017eenim ali glatkim taninima pra\u0107en posljednjem okusa srednje duljine. Piti odmah do 2029.    <\/span><\/p>\n<p><strong>TEHNI\u010cKE INFORMACIJE<\/strong><\/p>\n<p><span class=\"ui-provider a b c d e f g h i j k l m n o p q r s t u v w x y z ab ac ae af ag ah ai aj ak\" dir=\"ltr\">Hrvatska i francuska barrique | 12 mjeseci odle\u017eavanja | Malolakti\u010dna fermentacija | Fla\u0161irano studeni 2023.<br \/>\n60% cabernet sauvignon, 20% vranac, 10% merlot i 10% trnjak | <\/span><span class=\"ui-provider a b c d e f g h i j k l m n o p q r s t u v w x y z ab ac ae af ag ah ai aj ak\" dir=\"ltr\">13,5% ABV | 3,35 pH | 6,5 g\/L TA<\/span><\/p>\n<p><strong>IZVOR VINOGRADA<\/strong><\/p>\n<p><span class=\"ui-provider a b c d e f g h i j k l m n o p q r s t u v w x y z ab ac ae af ag ah ai aj ak\" dir=\"ltr\">Vinograd Bilikovi\u0161\u0107e i Debeljaci u jugozapadnom dijelu Imotskog polja s plodnijim tlom (glina) i ne\u0161to ve\u0107om vlagom te vinograd Podvornica i<br \/>\nGrabovine (\u0161ljunak) u sjeverozapadnom dijelu polja.<br \/>\n(Mikro)klima je mediteranska s blagim kontinentalnim utjecajem,<br \/>\nkarakterizirana visokim amplitudama izme\u0111u dnevnih i no\u0107nih temperatura<br \/>\ntijekom sezone zrenja.<br \/>\nTlo: glina i \u0161ljunak<br \/>\nNadmorska visina: 260 &#8211; 280 m<\/span><\/p>\n","protected":false},"excerpt":{"rendered":"<p><span class=\"ui-provider a b c d e f g h i j k l m n o p q r s t u v w x y z ab ac ae af ag ah ai aj ak\" dir=\"ltr\"><em>Dalmatinska Zagora | Vinogorje Imotski<\/em><br \/>\nDalmatinska &#8220;bordeaux&#8221; kupa\u017ena vina: cabernet sauvignon, vranac, merlot i<br \/>\ntrnjak.<\/span><\/p>\n","protected":false},"featured_media":6699,"comment_status":"open","ping_status":"closed","template":"","meta":{"site-sidebar-layout":"default","site-content-layout":"","ast-site-content-layout":"default","site-content-style":"default","site-sidebar-style":"default","ast-global-header-display":"","ast-banner-title-visibility":"","ast-main-header-display":"","ast-hfb-above-header-display":"","ast-hfb-below-header-display":"","ast-hfb-mobile-header-display":"","site-post-title":"","ast-breadcrumbs-content":"","ast-featured-img":"","footer-sml-layout":"","theme-transparent-header-meta":"default","adv-header-id-meta":"","stick-header-meta":"default","header-above-stick-meta":"","header-main-stick-meta":"","header-below-stick-meta":"","astra-migrate-meta-layouts":"default","ast-page-background-enabled":"default","ast-page-background-meta":{"desktop":{"background-color":"var(--ast-global-color-4)","background-image":"","background-repeat":"repeat","background-position":"center center","background-size":"auto","background-attachment":"scroll","background-type":"","background-media":"","overlay-type":"","overlay-color":"","overlay-gradient":""},"tablet":{"background-color":"","background-image":"","background-repeat":"repeat","background-position":"center center","background-size":"auto","background-attachment":"scroll","background-type":"","background-media":"","overlay-type":"","overlay-color":"","overlay-gradient":""},"mobile":{"background-color":"","background-image":"","background-repeat":"repeat","background-position":"center center","background-size":"auto","background-attachment":"scroll","background-type":"","background-media":"","overlay-type":"","overlay-color":"","overlay-gradient":""}},"ast-content-background-meta":{"desktop":{"background-color":"var(--ast-global-color-5)","background-image":"","background-repeat":"repeat","background-position":"center center","background-size":"auto","background-attachment":"scroll","background-type":"","background-media":"","overlay-type":"","overlay-color":"","overlay-gradient":""},"tablet":{"background-color":"var(--ast-global-color-5)","background-image":"","background-repeat":"repeat","background-position":"center center","background-size":"auto","background-attachment":"scroll","background-type":"","background-media":"","overlay-type":"","overlay-color":"","overlay-gradient":""},"mobile":{"background-color":"var(--ast-global-color-5)","background-image":"","background-repeat":"repeat","background-position":"center center","background-size":"auto","background-attachment":"scroll","background-type":"","background-media":"","overlay-type":"","overlay-color":"","overlay-gradient":""}}},"product_cat":[75],"product_tag":[],"class_list":{"0":"post-8751","1":"product","2":"type-product","3":"status-publish","4":"has-post-thumbnail","6":"product_cat-selekcija","7":"desktop-align-center","8":"tablet-align-left","9":"mobile-align-left","10":"ast-product-gallery-layout-vertical-slider","11":"ast-product-tabs-layout-horizontal","13":"first","14":"instock","15":"taxable","16":"shipping-taxable","17":"purchasable","18":"product-type-simple"},"_links":{"self":[{"href":"https:\/\/vinarijagrabovac.hr\/hr\/wp-json\/wp\/v2\/product\/8751","targetHints":{"allow":["GET"]}}],"collection":[{"href":"https:\/\/vinarijagrabovac.hr\/hr\/wp-json\/wp\/v2\/product"}],"about":[{"href":"https:\/\/vinarijagrabovac.hr\/hr\/wp-json\/wp\/v2\/types\/product"}],"replies":[{"embeddable":true,"href":"https:\/\/vinarijagrabovac.hr\/hr\/wp-json\/wp\/v2\/comments?post=8751"}],"version-history":[{"count":0,"href":"https:\/\/vinarijagrabovac.hr\/hr\/wp-json\/wp\/v2\/product\/8751\/revisions"}],"wp:featuredmedia":[{"embeddable":true,"href":"https:\/\/vinarijagrabovac.hr\/hr\/wp-json\/wp\/v2\/media\/6699"}],"wp:attachment":[{"href":"https:\/\/vinarijagrabovac.hr\/hr\/wp-json\/wp\/v2\/media?parent=8751"}],"wp:term":[{"taxonomy":"product_cat","embeddable":true,"href":"https:\/\/vinarijagrabovac.hr\/hr\/wp-json\/wp\/v2\/product_cat?post=8751"},{"taxonomy":"product_tag","embeddable":true,"href":"https:\/\/vinarijagrabovac.hr\/hr\/wp-json\/wp\/v2\/product_tag?post=8751"}],"curies":[{"name":"wp","href":"https:\/\/api.w.org\/{rel}","templated":true}]}}