{"id":8759,"date":"2025-08-18T08:31:02","date_gmt":"2025-08-18T08:31:02","guid":{"rendered":"https:\/\/vinarijagrabovac.hr\/product\/2023-syrah-riserva\/"},"modified":"2025-08-18T08:31:02","modified_gmt":"2025-08-18T08:31:02","slug":"2023-syrah-riserva","status":"publish","type":"product","link":"https:\/\/vinarijagrabovac.hr\/hr\/proizvod\/2023-syrah-riserva\/","title":{"rendered":"2023 Syrah Riserva"},"content":{"rendered":"<p><strong>BILJE\u0160KE KU\u0160ANJA<\/strong><\/p>\n<p><span class=\"ui-provider a b c d e f g h i j k l m n o p q r s t u v w x y z ab ac ae af ag ah ai aj ak\" dir=\"ltr\">Crno vino srednjeg do punog tijela s naznakama biljnih i za\u010dinskih aroma. Note \u0161ljive, crne tre\u0161nje, crnog ribiza i crnog papra. Okus je vo\u0107an i zaokru\u017een. Intenzivno na srednjem nepcu s primjetnim, ali zaokru\u017eenim taninima. Dobar potencijal starenja. Piti sada do 2033.     <\/span><\/p>\n<p><strong>TEHNI\u010cKI PODACI<\/strong><\/p>\n<p><span class=\"ui-provider a b c d e f g h i j k l m n o p q r s t u v w x y z ab ac ae af ag ah ai aj ak\" dir=\"ltr\">Hrvatski i francuski barrique | 18 mjeseci odle\u017eavanja | Malolakti\u010dna fermentacija | Buteljirano svibanj 2025<br \/>\n100% syrah<br \/>\n15,0% vol. | 3,50 pH | 6,0 g\/L TA<\/span><\/p>\n<p><strong>IZVOR VINOGRADA<\/strong><\/p>\n<p><span class=\"ui-provider a b c d e f g h i j k l m n o p q r s t u v w x y z ab ac ae af ag ah ai aj ak\" dir=\"ltr\">Vinograd Vu\u010dja draga s pogledom na Imotsku dolinu. Vinograd ima takozvanu dvostruku insolaciju zbog drobljenog vapnenca na povr\u0161ini tla. (Mikro)klima je mediteranska s blagim kontinentalnim utjecajem, karakterizirana visokim amplitudama izme\u0111u dnevnih i no\u0107nih temperatura tijekom sezone dozrijevanja.<br \/>\nTlo: Crvenica s drobljenim vapnena\u010dkim \u0161ljunkom<br \/>\nNadmorska visina: 400 &#8211; 450 m  <\/span><\/p>\n","protected":false},"excerpt":{"rendered":"<p><em><span class=\"ui-provider a b c d e f g h i j k l m n o p q r s t u v w x y z ab ac ae af ag ah ai aj ak\" dir=\"ltr\">Dalmatinska Zagora | Vinogorje Imotski | Vu\u010dja draga<\/span><\/em><\/p>\n","protected":false},"featured_media":6687,"comment_status":"open","ping_status":"closed","template":"","meta":{"site-sidebar-layout":"default","site-content-layout":"","ast-site-content-layout":"default","site-content-style":"default","site-sidebar-style":"default","ast-global-header-display":"","ast-banner-title-visibility":"","ast-main-header-display":"","ast-hfb-above-header-display":"","ast-hfb-below-header-display":"","ast-hfb-mobile-header-display":"","site-post-title":"","ast-breadcrumbs-content":"","ast-featured-img":"","footer-sml-layout":"","theme-transparent-header-meta":"default","adv-header-id-meta":"","stick-header-meta":"default","header-above-stick-meta":"","header-main-stick-meta":"","header-below-stick-meta":"","astra-migrate-meta-layouts":"default","ast-page-background-enabled":"default","ast-page-background-meta":{"desktop":{"background-color":"var(--ast-global-color-4)","background-image":"","background-repeat":"repeat","background-position":"center center","background-size":"auto","background-attachment":"scroll","background-type":"","background-media":"","overlay-type":"","overlay-color":"","overlay-gradient":""},"tablet":{"background-color":"","background-image":"","background-repeat":"repeat","background-position":"center center","background-size":"auto","background-attachment":"scroll","background-type":"","background-media":"","overlay-type":"","overlay-color":"","overlay-gradient":""},"mobile":{"background-color":"","background-image":"","background-repeat":"repeat","background-position":"center center","background-size":"auto","background-attachment":"scroll","background-type":"","background-media":"","overlay-type":"","overlay-color":"","overlay-gradient":""}},"ast-content-background-meta":{"desktop":{"background-color":"var(--ast-global-color-5)","background-image":"","background-repeat":"repeat","background-position":"center center","background-size":"auto","background-attachment":"scroll","background-type":"","background-media":"","overlay-type":"","overlay-color":"","overlay-gradient":""},"tablet":{"background-color":"var(--ast-global-color-5)","background-image":"","background-repeat":"repeat","background-position":"center center","background-size":"auto","background-attachment":"scroll","background-type":"","background-media":"","overlay-type":"","overlay-color":"","overlay-gradient":""},"mobile":{"background-color":"var(--ast-global-color-5)","background-image":"","background-repeat":"repeat","background-position":"center center","background-size":"auto","background-attachment":"scroll","background-type":"","background-media":"","overlay-type":"","overlay-color":"","overlay-gradient":""}}},"product_cat":[74,73],"product_tag":[76],"class_list":{"0":"post-8759","1":"product","2":"type-product","3":"status-publish","4":"has-post-thumbnail","6":"product_cat-crno-vino","7":"product_cat-riserva","8":"product_tag-075-l","9":"desktop-align-center","10":"tablet-align-left","11":"mobile-align-left","12":"ast-product-gallery-layout-vertical-slider","13":"ast-product-tabs-layout-horizontal","15":"first","16":"instock","17":"taxable","18":"shipping-taxable","19":"purchasable","20":"product-type-simple"},"_links":{"self":[{"href":"https:\/\/vinarijagrabovac.hr\/hr\/wp-json\/wp\/v2\/product\/8759","targetHints":{"allow":["GET"]}}],"collection":[{"href":"https:\/\/vinarijagrabovac.hr\/hr\/wp-json\/wp\/v2\/product"}],"about":[{"href":"https:\/\/vinarijagrabovac.hr\/hr\/wp-json\/wp\/v2\/types\/product"}],"replies":[{"embeddable":true,"href":"https:\/\/vinarijagrabovac.hr\/hr\/wp-json\/wp\/v2\/comments?post=8759"}],"version-history":[{"count":0,"href":"https:\/\/vinarijagrabovac.hr\/hr\/wp-json\/wp\/v2\/product\/8759\/revisions"}],"wp:featuredmedia":[{"embeddable":true,"href":"https:\/\/vinarijagrabovac.hr\/hr\/wp-json\/wp\/v2\/media\/6687"}],"wp:attachment":[{"href":"https:\/\/vinarijagrabovac.hr\/hr\/wp-json\/wp\/v2\/media?parent=8759"}],"wp:term":[{"taxonomy":"product_cat","embeddable":true,"href":"https:\/\/vinarijagrabovac.hr\/hr\/wp-json\/wp\/v2\/product_cat?post=8759"},{"taxonomy":"product_tag","embeddable":true,"href":"https:\/\/vinarijagrabovac.hr\/hr\/wp-json\/wp\/v2\/product_tag?post=8759"}],"curies":[{"name":"wp","href":"https:\/\/api.w.org\/{rel}","templated":true}]}}