{"id":8763,"date":"2025-01-22T14:52:19","date_gmt":"2025-01-22T14:52:19","guid":{"rendered":"https:\/\/vinarijagrabovac.hr\/product\/2023-draga-riserva\/"},"modified":"2026-03-05T23:50:13","modified_gmt":"2026-03-05T23:50:13","slug":"2023-draga-riserva","status":"publish","type":"product","link":"https:\/\/vinarijagrabovac.hr\/hr\/proizvod\/2023-draga-riserva\/","title":{"rendered":"2023 Draga Riserva"},"content":{"rendered":"<p><strong>DEGUSTACIJSKE BILJE\u0160KE<\/strong><\/p>\n<p><span class=\"ui-provider a b c d e f g h i j k l m n o p q r s t u v w x y z ab ac ae af ag ah ai aj ak\" dir=\"ltr\">Srednje do punotelesno vino slamnato\u017eute boje sa zelenim odsjajima. Agrumi obavijeni aromom vanilije s daljnjim aromama ko\u0161ti\u010davog vo\u0107a (breskve, marelice) s notom meda i biljnim aromama tipi\u010dnim za mediteranski kr\u0161 (kadulja, timijan). Vrlo kompleksan aromatski profil. Bogat i sna\u017ean okus s dobrom strukturom tijela u skladu s razinom alkohola pra\u0107en bogatim i kompleksnim poslokusom s notama oraha i maslaca. Najbolje uz bijelu ribu s ro\u0161tilja te kremaste paste i ri\u017eote s plodovima mora.<\/span><\/p>\n<p><strong>TEHNI\u010cKE INFORMACIJE<\/strong><\/p>\n<p><span class=\"ui-provider a b c d e f g h i j k l m n o p q r s t u v w x y z ab ac ae af ag ah ai aj ak\" dir=\"ltr\">Hrvatska i francuska barrique &amp; cisterna od nehr\u0111aju\u0107eg \u010delika | 12 mjeseci zrenja | Fla\u0161irano lipanj 2025.<br \/>\nKujund\u017eu\u0161a, Po\u0161ip, \u017dilavka, Sauvignon blanc, Chardonnay (po 20%) | 14,0% ABV | 3,35 pH | 6,0 g\/L TA<\/span><\/p>\n<p><strong>IZVOR VINOGRADA<\/strong><\/p>\n<p><span class=\"ui-provider a b c d e f g h i j k l m n o p q r s t u v w x y z ab ac ae af ag ah ai aj ak\" dir=\"ltr\">Vinograd Vu\u010dja draga s pogledom na Imotsko polje. Vinograd ima tzv. dvostruku insolaciju zbog usitnjenog vapnenca na povr\u0161ini tla. (Mikro)klima je mediteranska s blagim kontinentalnim utjecajem, karakterizirana visokim amplitudama izme\u0111u dnevnih i no\u0107nih temperatura tijekom sezone zrenja.<br \/>\nTlo: Crveno tlo s usitnjenim vapnena\u010dkim \u0161ljunkom<br \/>\nNadmorska visina: 400-450 m<\/span><\/p>\n<p><strong>POTENCIJAL ZRENJA<\/strong><\/p>\n<p>Piti od sada do 2031.<\/p>\n","protected":false},"excerpt":{"rendered":"<p><em><span class=\"ui-provider a b c d e f g h i j k l m n o p q r s t u v w x y z ab ac ae af ag ah ai aj ak\" dir=\"ltr\">Dalmatinska Zagora | Vinogorje Imotski | Vu\u010dja draga<\/span><\/em><\/p>\n<p><span class=\"ui-provider a b c d e f g h i j k l m n o p q r s t u v w x y z ab ac ae af ag ah ai aj ak\" dir=\"ltr\"><br \/>\nMje\u0161avina iz jednog vinograda Vu\u010dja draga. Kujund\u017eu\u0161a, Po\u0161ip, \u017dilavka, Sauvignon blanc i Chardonnay.<\/span><\/p>\n","protected":false},"featured_media":6706,"comment_status":"open","ping_status":"closed","template":"","meta":{"site-sidebar-layout":"default","site-content-layout":"","ast-site-content-layout":"default","site-content-style":"default","site-sidebar-style":"default","ast-global-header-display":"","ast-banner-title-visibility":"","ast-main-header-display":"","ast-hfb-above-header-display":"","ast-hfb-below-header-display":"","ast-hfb-mobile-header-display":"","site-post-title":"","ast-breadcrumbs-content":"","ast-featured-img":"","footer-sml-layout":"","theme-transparent-header-meta":"default","adv-header-id-meta":"","stick-header-meta":"default","header-above-stick-meta":"","header-main-stick-meta":"","header-below-stick-meta":"","astra-migrate-meta-layouts":"default","ast-page-background-enabled":"default","ast-page-background-meta":{"desktop":{"background-color":"var(--ast-global-color-4)","background-image":"","background-repeat":"repeat","background-position":"center center","background-size":"auto","background-attachment":"scroll","background-type":"","background-media":"","overlay-type":"","overlay-color":"","overlay-gradient":""},"tablet":{"background-color":"","background-image":"","background-repeat":"repeat","background-position":"center center","background-size":"auto","background-attachment":"scroll","background-type":"","background-media":"","overlay-type":"","overlay-color":"","overlay-gradient":""},"mobile":{"background-color":"","background-image":"","background-repeat":"repeat","background-position":"center center","background-size":"auto","background-attachment":"scroll","background-type":"","background-media":"","overlay-type":"","overlay-color":"","overlay-gradient":""}},"ast-content-background-meta":{"desktop":{"background-color":"var(--ast-global-color-5)","background-image":"","background-repeat":"repeat","background-position":"center center","background-size":"auto","background-attachment":"scroll","background-type":"","background-media":"","overlay-type":"","overlay-color":"","overlay-gradient":""},"tablet":{"background-color":"var(--ast-global-color-5)","background-image":"","background-repeat":"repeat","background-position":"center center","background-size":"auto","background-attachment":"scroll","background-type":"","background-media":"","overlay-type":"","overlay-color":"","overlay-gradient":""},"mobile":{"background-color":"var(--ast-global-color-5)","background-image":"","background-repeat":"repeat","background-position":"center center","background-size":"auto","background-attachment":"scroll","background-type":"","background-media":"","overlay-type":"","overlay-color":"","overlay-gradient":""}}},"product_cat":[73],"product_tag":[],"class_list":{"0":"post-8763","1":"product","2":"type-product","3":"status-publish","4":"has-post-thumbnail","6":"product_cat-riserva","7":"desktop-align-center","8":"tablet-align-left","9":"mobile-align-left","10":"ast-product-gallery-layout-vertical-slider","11":"ast-product-tabs-layout-horizontal","13":"first","14":"instock","15":"taxable","16":"shipping-taxable","17":"purchasable","18":"product-type-simple"},"_links":{"self":[{"href":"https:\/\/vinarijagrabovac.hr\/hr\/wp-json\/wp\/v2\/product\/8763","targetHints":{"allow":["GET"]}}],"collection":[{"href":"https:\/\/vinarijagrabovac.hr\/hr\/wp-json\/wp\/v2\/product"}],"about":[{"href":"https:\/\/vinarijagrabovac.hr\/hr\/wp-json\/wp\/v2\/types\/product"}],"replies":[{"embeddable":true,"href":"https:\/\/vinarijagrabovac.hr\/hr\/wp-json\/wp\/v2\/comments?post=8763"}],"version-history":[{"count":0,"href":"https:\/\/vinarijagrabovac.hr\/hr\/wp-json\/wp\/v2\/product\/8763\/revisions"}],"wp:featuredmedia":[{"embeddable":true,"href":"https:\/\/vinarijagrabovac.hr\/hr\/wp-json\/wp\/v2\/media\/6706"}],"wp:attachment":[{"href":"https:\/\/vinarijagrabovac.hr\/hr\/wp-json\/wp\/v2\/media?parent=8763"}],"wp:term":[{"taxonomy":"product_cat","embeddable":true,"href":"https:\/\/vinarijagrabovac.hr\/hr\/wp-json\/wp\/v2\/product_cat?post=8763"},{"taxonomy":"product_tag","embeddable":true,"href":"https:\/\/vinarijagrabovac.hr\/hr\/wp-json\/wp\/v2\/product_tag?post=8763"}],"curies":[{"name":"wp","href":"https:\/\/api.w.org\/{rel}","templated":true}]}}