{"id":8764,"date":"2025-08-18T08:35:30","date_gmt":"2025-08-18T08:35:30","guid":{"rendered":"https:\/\/vinarijagrabovac.hr\/product\/2019-kujundzusa-riserva\/"},"modified":"2026-03-05T23:51:15","modified_gmt":"2026-03-05T23:51:15","slug":"2019-kujundzusa-riserva","status":"publish","type":"product","link":"https:\/\/vinarijagrabovac.hr\/hr\/proizvod\/2019-kujundzusa-riserva\/","title":{"rendered":"2019 Kujund\u017eu\u0161a Riserva"},"content":{"rendered":"<p><strong>DEGUSTACIJSKE BILJE\u0160KE<\/strong><\/p>\n<p><span class=\"ui-provider a b c d e f g h i j k l m n o p q r s t u v w x y z ab ac ae af ag ah ai aj ak\" dir=\"ltr\">Srednje do punoga tijela, intenzivne zlatno-\u017eute boje s jantarnim odsjajima. Aroma je izravna, \u010dista i kompleksna s notama ko\u0161ti\u010davog vo\u0107a, suhog vo\u0107a, karameliziranih badema s cvjetnim aromama i aromama divljeg dalmatinskog aromati\u010dnog bilja (makije). Okus je kremastan i srednje do punoga tijela s notama tanina koji se isprepli\u0107u kroz cjelovito iskustvo ovog vina. Dobro se sla\u017ee s za\u010dinjenom (azijskom) hranom.   <\/span><\/p>\n<p><strong>TEHNI\u010cKE INFORMACIJE<\/strong><\/p>\n<p><span class=\"ui-provider a b c d e f g h i j k l m n o p q r s t u v w x y z ab ac ae af ag ah ai aj ak\" dir=\"ltr\">40 dana maceracije s korama | Maceracija u tonneau ba\u010dvama | Fermentirano s divljim kvascem | Hrvatski i francuski barrique | 18 mjeseci odle\u017eavanja | Butilirano o\u017eujak 2023. | 90% Kujund\u017eu\u0161a, 10% Botun<\/span><\/p>\n<p><span class=\"ui-provider a b c d e f g h i j k l m n o p q r s t u v w x y z ab ac ae af ag ah ai aj ak\" dir=\"ltr\">13,0% ABV | 3,50 pH | 5,6 g\/L TA<\/span><\/p>\n<p><strong>PODRIJETLO VINOGRADA<\/strong><\/p>\n<p><span class=\"ui-provider a b c d e f g h i j k l m n o p q r s t u v w x y z ab ac ae af ag ah ai aj ak\" dir=\"ltr\">Vinograd Vu\u010dja draga s pogledom na Imotsku krajinu. Vinograd ima tzv. dvostruku insolaciju zbog drobljenog vapnenca na povr\u0161ini tla. (Mikro) Klima je mediteranska s blagim kontinentalnim utjecajem, karakterizirana visokim amplitudama izme\u0111u dnevnih i no\u0107nih temperatura tijekom sezone zrenja.<br \/>\nTlo: Crveno tlo s drobljenim vapnena\u010dkim \u0161ljunkom<br \/>\nNadmorska visina: 400 &#8211; 450 m   <\/span><\/p>\n<p><strong>POTENCIJAL ODLE\u017dAVANJA<\/strong><\/p>\n<p>Piti od sada do 2030.<\/p>\n","protected":false},"excerpt":{"rendered":"<p><span class=\"ui-provider a b c d e f g h i j k l m n o p q r s t u v w x y z ab ac ae af ag ah ai aj ak\" dir=\"ltr\"><em>Dalmatinska Zagora | Vinogorje Imotski | Vu\u010dja draga<\/em><\/span><\/p>\n<p><span class=\"ui-provider a b c d e f g h i j k l m n o p q r s t u v w x y z ab ac ae af ag ah ai aj ak\" dir=\"ltr\">Autohtona sorta proizvedena tradicionalnom vinifikacijom u tradiciji jantarnih\/naran\u010dastih vina. 40 dana maceracije s korama.<\/span><\/p>\n","protected":false},"featured_media":6703,"comment_status":"open","ping_status":"closed","template":"","meta":{"site-sidebar-layout":"default","site-content-layout":"","ast-site-content-layout":"default","site-content-style":"default","site-sidebar-style":"default","ast-global-header-display":"","ast-banner-title-visibility":"","ast-main-header-display":"","ast-hfb-above-header-display":"","ast-hfb-below-header-display":"","ast-hfb-mobile-header-display":"","site-post-title":"","ast-breadcrumbs-content":"","ast-featured-img":"","footer-sml-layout":"","theme-transparent-header-meta":"default","adv-header-id-meta":"","stick-header-meta":"default","header-above-stick-meta":"","header-main-stick-meta":"","header-below-stick-meta":"","astra-migrate-meta-layouts":"default","ast-page-background-enabled":"default","ast-page-background-meta":{"desktop":{"background-color":"var(--ast-global-color-4)","background-image":"","background-repeat":"repeat","background-position":"center center","background-size":"auto","background-attachment":"scroll","background-type":"","background-media":"","overlay-type":"","overlay-color":"","overlay-gradient":""},"tablet":{"background-color":"","background-image":"","background-repeat":"repeat","background-position":"center center","background-size":"auto","background-attachment":"scroll","background-type":"","background-media":"","overlay-type":"","overlay-color":"","overlay-gradient":""},"mobile":{"background-color":"","background-image":"","background-repeat":"repeat","background-position":"center center","background-size":"auto","background-attachment":"scroll","background-type":"","background-media":"","overlay-type":"","overlay-color":"","overlay-gradient":""}},"ast-content-background-meta":{"desktop":{"background-color":"var(--ast-global-color-5)","background-image":"","background-repeat":"repeat","background-position":"center center","background-size":"auto","background-attachment":"scroll","background-type":"","background-media":"","overlay-type":"","overlay-color":"","overlay-gradient":""},"tablet":{"background-color":"var(--ast-global-color-5)","background-image":"","background-repeat":"repeat","background-position":"center center","background-size":"auto","background-attachment":"scroll","background-type":"","background-media":"","overlay-type":"","overlay-color":"","overlay-gradient":""},"mobile":{"background-color":"var(--ast-global-color-5)","background-image":"","background-repeat":"repeat","background-position":"center center","background-size":"auto","background-attachment":"scroll","background-type":"","background-media":"","overlay-type":"","overlay-color":"","overlay-gradient":""}}},"product_cat":[73],"product_tag":[],"class_list":{"0":"post-8764","1":"product","2":"type-product","3":"status-publish","4":"has-post-thumbnail","6":"product_cat-riserva","7":"desktop-align-center","8":"tablet-align-left","9":"mobile-align-left","10":"ast-product-gallery-layout-vertical-slider","11":"ast-product-tabs-layout-horizontal","13":"first","14":"instock","15":"taxable","16":"shipping-taxable","17":"purchasable","18":"product-type-simple"},"_links":{"self":[{"href":"https:\/\/vinarijagrabovac.hr\/hr\/wp-json\/wp\/v2\/product\/8764","targetHints":{"allow":["GET"]}}],"collection":[{"href":"https:\/\/vinarijagrabovac.hr\/hr\/wp-json\/wp\/v2\/product"}],"about":[{"href":"https:\/\/vinarijagrabovac.hr\/hr\/wp-json\/wp\/v2\/types\/product"}],"replies":[{"embeddable":true,"href":"https:\/\/vinarijagrabovac.hr\/hr\/wp-json\/wp\/v2\/comments?post=8764"}],"version-history":[{"count":1,"href":"https:\/\/vinarijagrabovac.hr\/hr\/wp-json\/wp\/v2\/product\/8764\/revisions"}],"predecessor-version":[{"id":8807,"href":"https:\/\/vinarijagrabovac.hr\/hr\/wp-json\/wp\/v2\/product\/8764\/revisions\/8807"}],"wp:featuredmedia":[{"embeddable":true,"href":"https:\/\/vinarijagrabovac.hr\/hr\/wp-json\/wp\/v2\/media\/6703"}],"wp:attachment":[{"href":"https:\/\/vinarijagrabovac.hr\/hr\/wp-json\/wp\/v2\/media?parent=8764"}],"wp:term":[{"taxonomy":"product_cat","embeddable":true,"href":"https:\/\/vinarijagrabovac.hr\/hr\/wp-json\/wp\/v2\/product_cat?post=8764"},{"taxonomy":"product_tag","embeddable":true,"href":"https:\/\/vinarijagrabovac.hr\/hr\/wp-json\/wp\/v2\/product_tag?post=8764"}],"curies":[{"name":"wp","href":"https:\/\/api.w.org\/{rel}","templated":true}]}}