{"id":8776,"date":"2025-04-11T13:42:16","date_gmt":"2025-04-11T13:42:16","guid":{"rendered":"https:\/\/vinarijagrabovac.hr\/product\/2022-trnjak-riserva\/"},"modified":"2026-03-05T23:51:13","modified_gmt":"2026-03-05T23:51:13","slug":"2022-trnjak-riserva","status":"publish","type":"product","link":"https:\/\/vinarijagrabovac.hr\/hr\/proizvod\/2022-trnjak-riserva\/","title":{"rendered":"2022 Trnjak Riserva"},"content":{"rendered":"<p><strong>BILJE\u0160KE KU\u0160ANJA<\/strong><\/p>\n<p><span class=\"ui-provider a b c d e f g h i j k l m n o p q r s t u v w x y z ab ac ae af ag ah ai aj ak\" dir=\"ltr\">Vino srednjeg tijela, istovremeno koncentrirano i elegantno. Note crne tre\u0161nje, crvene \u0161ljive, sirovog mesa, mediteranskog bilja i bijelog papra. Okus je vo\u0107an i zaokru\u017een. Prili\u010dno intenzivno na srednjem nepcu. Tanini su zreli i mekani. Klasi\u010dno mediteransko crno vino. Piti sada do 2032.      <\/span><\/p>\n<p><strong>TEHNI\u010cKE INFORMACIJE<\/strong><\/p>\n<p><span class=\"ui-provider a b c d e f g h i j k l m n o p q r s t u v w x y z ab ac ae af ag ah ai aj ak\" dir=\"ltr\">Hrvatski i francuski barrique | 12 mjeseci odle\u017eavanja | Malolakti\u010dka fermentacija | Buteljirano u velja\u010di 2024.<br \/>\n100% Trnjak<br \/>\n13,5% vol. | 3,5 pH | 6,2 g\/L TA<\/span><\/p>\n<p>IZVOR VINOGRADA<\/p>\n<p><span class=\"ui-provider a b c d e f g h i j k l m n o p q r s t u v w x y z ab ac ae af ag ah ai aj ak\" dir=\"ltr\">Vinograd Vu\u010dja draga s pogledom na Imotsko polje. Vinograd ima takozvanu dvostruku insolaciju zbog drobljenog vapnenca na povr\u0161ini tla. (Mikro)klima je mediteranska s blagim kontinentalnim utjecajem, karakterizirana visokim amplitudama izme\u0111u dnevnih i no\u0107nih temperatura tijekom razdoblja dozrijevanja.<br \/>\nTlo: Crvenica s drobljenim vapnena\u010dkim \u0161ljunkom<br \/>\nNadmorska visina: 400 \u2013 450 m  <\/span><\/p>\n","protected":false},"excerpt":{"rendered":"<p><span class=\"ui-provider a b c d e f g h i j k l m n o p q r s t u v w x y z ab ac ae af ag ah ai aj ak\" dir=\"ltr\"><em>Dalmatinska Zagora | Vinogorje Imotski | Vu\u010dja draga<\/em><br \/>\nTrnjak je autohtona sorta koja se uzgaja u imotskom vinogorju u Dalmatinskoj Zagori u Hrvatskoj te u Zapadnoj Hercegovini (Bosna<br \/>\n i Hercegovina). Prije 15 godina trnjak je bio gotovo izumro. <\/span><\/p>\n","protected":false},"featured_media":6695,"comment_status":"open","ping_status":"closed","template":"","meta":{"site-sidebar-layout":"default","site-content-layout":"","ast-site-content-layout":"default","site-content-style":"default","site-sidebar-style":"default","ast-global-header-display":"","ast-banner-title-visibility":"","ast-main-header-display":"","ast-hfb-above-header-display":"","ast-hfb-below-header-display":"","ast-hfb-mobile-header-display":"","site-post-title":"","ast-breadcrumbs-content":"","ast-featured-img":"","footer-sml-layout":"","theme-transparent-header-meta":"default","adv-header-id-meta":"","stick-header-meta":"default","header-above-stick-meta":"","header-main-stick-meta":"","header-below-stick-meta":"","astra-migrate-meta-layouts":"default","ast-page-background-enabled":"default","ast-page-background-meta":{"desktop":{"background-color":"var(--ast-global-color-4)","background-image":"","background-repeat":"repeat","background-position":"center center","background-size":"auto","background-attachment":"scroll","background-type":"","background-media":"","overlay-type":"","overlay-color":"","overlay-gradient":""},"tablet":{"background-color":"","background-image":"","background-repeat":"repeat","background-position":"center center","background-size":"auto","background-attachment":"scroll","background-type":"","background-media":"","overlay-type":"","overlay-color":"","overlay-gradient":""},"mobile":{"background-color":"","background-image":"","background-repeat":"repeat","background-position":"center center","background-size":"auto","background-attachment":"scroll","background-type":"","background-media":"","overlay-type":"","overlay-color":"","overlay-gradient":""}},"ast-content-background-meta":{"desktop":{"background-color":"var(--ast-global-color-5)","background-image":"","background-repeat":"repeat","background-position":"center center","background-size":"auto","background-attachment":"scroll","background-type":"","background-media":"","overlay-type":"","overlay-color":"","overlay-gradient":""},"tablet":{"background-color":"var(--ast-global-color-5)","background-image":"","background-repeat":"repeat","background-position":"center center","background-size":"auto","background-attachment":"scroll","background-type":"","background-media":"","overlay-type":"","overlay-color":"","overlay-gradient":""},"mobile":{"background-color":"var(--ast-global-color-5)","background-image":"","background-repeat":"repeat","background-position":"center center","background-size":"auto","background-attachment":"scroll","background-type":"","background-media":"","overlay-type":"","overlay-color":"","overlay-gradient":""}}},"product_cat":[73],"product_tag":[],"class_list":{"0":"post-8776","1":"product","2":"type-product","3":"status-publish","4":"has-post-thumbnail","6":"product_cat-riserva","7":"desktop-align-center","8":"tablet-align-left","9":"mobile-align-left","10":"ast-product-gallery-layout-vertical-slider","11":"ast-product-tabs-layout-horizontal","13":"first","14":"instock","15":"taxable","16":"shipping-taxable","17":"purchasable","18":"product-type-simple"},"_links":{"self":[{"href":"https:\/\/vinarijagrabovac.hr\/hr\/wp-json\/wp\/v2\/product\/8776","targetHints":{"allow":["GET"]}}],"collection":[{"href":"https:\/\/vinarijagrabovac.hr\/hr\/wp-json\/wp\/v2\/product"}],"about":[{"href":"https:\/\/vinarijagrabovac.hr\/hr\/wp-json\/wp\/v2\/types\/product"}],"replies":[{"embeddable":true,"href":"https:\/\/vinarijagrabovac.hr\/hr\/wp-json\/wp\/v2\/comments?post=8776"}],"version-history":[{"count":1,"href":"https:\/\/vinarijagrabovac.hr\/hr\/wp-json\/wp\/v2\/product\/8776\/revisions"}],"predecessor-version":[{"id":8806,"href":"https:\/\/vinarijagrabovac.hr\/hr\/wp-json\/wp\/v2\/product\/8776\/revisions\/8806"}],"wp:featuredmedia":[{"embeddable":true,"href":"https:\/\/vinarijagrabovac.hr\/hr\/wp-json\/wp\/v2\/media\/6695"}],"wp:attachment":[{"href":"https:\/\/vinarijagrabovac.hr\/hr\/wp-json\/wp\/v2\/media?parent=8776"}],"wp:term":[{"taxonomy":"product_cat","embeddable":true,"href":"https:\/\/vinarijagrabovac.hr\/hr\/wp-json\/wp\/v2\/product_cat?post=8776"},{"taxonomy":"product_tag","embeddable":true,"href":"https:\/\/vinarijagrabovac.hr\/hr\/wp-json\/wp\/v2\/product_tag?post=8776"}],"curies":[{"name":"wp","href":"https:\/\/api.w.org\/{rel}","templated":true}]}}