{"id":8778,"date":"2026-01-27T14:57:18","date_gmt":"2026-01-27T14:57:18","guid":{"rendered":"https:\/\/vinarijagrabovac.hr\/product\/2025-kujundzusa\/"},"modified":"2026-01-27T14:57:18","modified_gmt":"2026-01-27T14:57:18","slug":"2025-kujundzusa","status":"publish","type":"product","link":"https:\/\/vinarijagrabovac.hr\/hr\/proizvod\/2025-kujundzusa\/","title":{"rendered":"2025 Kujund\u017eu\u0161a"},"content":{"rendered":"<p><strong><span class=\"ui-provider a b c d e f g h i j k l m n o p q r s t u v w x y z ab ac ae af ag ah ai aj ak\" dir=\"ltr\">DEGUSTACIJSKE BILJE\u0160KE<\/span><\/strong><\/p>\n<p><span class=\"ui-provider a b c d e f g h i j k l m n o p q r s t u v w x y z ab ac ae af ag ah ai aj ak\" dir=\"ltr\">Lagano tijelo, osvje\u017eavaju\u0107e i lako za pi\u0107e. Zelena jabuka, agrumi i breskva<br \/>\npra\u0107eni limunskom travom. Na nepcu izra\u017eena slana mineralnost prelazi u<br \/>\nokuse grejpa, limuna, kumkvata i da\u0161ak gorkog badema. Nepce<br \/>\npokazuje lijepu osvje\u017eavaju\u0107u kiselost i nje\u017eno i lagano tijelo. Idealno<br \/>\nljetno vino. Piti do 2027.     <\/span><\/p>\n<p>&nbsp;<\/p>\n<p><strong>TEHNI\u010cKE INFORMACIJE<\/strong><\/p>\n<p><span class=\"ui-provider a b c d e f g h i j k l m n o p q r s t u v w x y z ab ac ae af ag ah ai aj ak\" dir=\"ltr\">Inox posuda | Hladna fermentacija | Fla\u0161irano sije\u010danj 2026.<br \/>\n100% Kujund\u017eu\u0161a<br \/>\n11,5% ABV | 3,35 pH | 5,2 g\/L ukupne kiseline<\/span><\/p>\n<p>&nbsp;<\/p>\n<p><strong>IZVOR VINOGRADA<\/strong><\/p>\n<p><span class=\"ui-provider a b c d e f g h i j k l m n o p q r s t u v w x y z ab ac ae af ag ah ai aj ak\" dir=\"ltr\">Vinograd Luka i Blato u jugozapadnom dijelu Imotskog polja.<br \/>\n(Mikro)klima je mediteranska s blagim kontinentalnim utjecajem,<br \/>\nkarakterizirana visokim amplitudama izme\u0111u dnevnih i no\u0107nih temperatura<br \/>\ntijekom sezone zrenja. Plodnije tlo i ne\u0161to vi\u0161a vla\u017enost nego u<br \/>\nostatku polja.<br \/>\nTlo: glina s kamen\u010di\u0107ima<br \/>\nNadmorska visina: 260 &#8211; 280 m <\/span><\/p>\n","protected":false},"excerpt":{"rendered":"<p><span class=\"ui-provider a b c d e f g h i j k l m n o p q r s t u v w x y z ab ac ae af ag ah ai aj ak\" dir=\"ltr\"><em>Dalmatinska Zagora | Vinogorje Imotski<\/em><br \/>\nAutohtona sorta koja se uzgaja samo u imotskom vinogorju. Ime vjerojatno<br \/>\npotje\u010de od turskog <em>kuyumcu<\/em> \u0161to zna\u010di &#8220;zlatni obrtnik&#8221;, a zlatna<br \/>\nbi bila boja bobica ove sorte u vrijeme savr\u0161ene zrelosti. <\/span><\/p>\n","protected":false},"featured_media":6721,"comment_status":"open","ping_status":"closed","template":"","meta":{"site-sidebar-layout":"default","site-content-layout":"","ast-site-content-layout":"default","site-content-style":"default","site-sidebar-style":"default","ast-global-header-display":"","ast-banner-title-visibility":"","ast-main-header-display":"","ast-hfb-above-header-display":"","ast-hfb-below-header-display":"","ast-hfb-mobile-header-display":"","site-post-title":"","ast-breadcrumbs-content":"","ast-featured-img":"","footer-sml-layout":"","theme-transparent-header-meta":"default","adv-header-id-meta":"","stick-header-meta":"default","header-above-stick-meta":"","header-main-stick-meta":"","header-below-stick-meta":"","astra-migrate-meta-layouts":"default","ast-page-background-enabled":"default","ast-page-background-meta":{"desktop":{"background-color":"var(--ast-global-color-4)","background-image":"","background-repeat":"repeat","background-position":"center center","background-size":"auto","background-attachment":"scroll","background-type":"","background-media":"","overlay-type":"","overlay-color":"","overlay-gradient":""},"tablet":{"background-color":"","background-image":"","background-repeat":"repeat","background-position":"center center","background-size":"auto","background-attachment":"scroll","background-type":"","background-media":"","overlay-type":"","overlay-color":"","overlay-gradient":""},"mobile":{"background-color":"","background-image":"","background-repeat":"repeat","background-position":"center center","background-size":"auto","background-attachment":"scroll","background-type":"","background-media":"","overlay-type":"","overlay-color":"","overlay-gradient":""}},"ast-content-background-meta":{"desktop":{"background-color":"var(--ast-global-color-5)","background-image":"","background-repeat":"repeat","background-position":"center center","background-size":"auto","background-attachment":"scroll","background-type":"","background-media":"","overlay-type":"","overlay-color":"","overlay-gradient":""},"tablet":{"background-color":"var(--ast-global-color-5)","background-image":"","background-repeat":"repeat","background-position":"center center","background-size":"auto","background-attachment":"scroll","background-type":"","background-media":"","overlay-type":"","overlay-color":"","overlay-gradient":""},"mobile":{"background-color":"var(--ast-global-color-5)","background-image":"","background-repeat":"repeat","background-position":"center center","background-size":"auto","background-attachment":"scroll","background-type":"","background-media":"","overlay-type":"","overlay-color":"","overlay-gradient":""}}},"product_cat":[71],"product_tag":[],"class_list":{"0":"post-8778","1":"product","2":"type-product","3":"status-publish","4":"has-post-thumbnail","6":"product_cat-uncategorized-hr","7":"desktop-align-center","8":"tablet-align-left","9":"mobile-align-left","10":"ast-product-gallery-layout-vertical-slider","11":"ast-product-tabs-layout-horizontal","13":"first","14":"instock","15":"taxable","16":"shipping-taxable","17":"purchasable","18":"product-type-simple"},"_links":{"self":[{"href":"https:\/\/vinarijagrabovac.hr\/hr\/wp-json\/wp\/v2\/product\/8778","targetHints":{"allow":["GET"]}}],"collection":[{"href":"https:\/\/vinarijagrabovac.hr\/hr\/wp-json\/wp\/v2\/product"}],"about":[{"href":"https:\/\/vinarijagrabovac.hr\/hr\/wp-json\/wp\/v2\/types\/product"}],"replies":[{"embeddable":true,"href":"https:\/\/vinarijagrabovac.hr\/hr\/wp-json\/wp\/v2\/comments?post=8778"}],"version-history":[{"count":0,"href":"https:\/\/vinarijagrabovac.hr\/hr\/wp-json\/wp\/v2\/product\/8778\/revisions"}],"wp:featuredmedia":[{"embeddable":true,"href":"https:\/\/vinarijagrabovac.hr\/hr\/wp-json\/wp\/v2\/media\/6721"}],"wp:attachment":[{"href":"https:\/\/vinarijagrabovac.hr\/hr\/wp-json\/wp\/v2\/media?parent=8778"}],"wp:term":[{"taxonomy":"product_cat","embeddable":true,"href":"https:\/\/vinarijagrabovac.hr\/hr\/wp-json\/wp\/v2\/product_cat?post=8778"},{"taxonomy":"product_tag","embeddable":true,"href":"https:\/\/vinarijagrabovac.hr\/hr\/wp-json\/wp\/v2\/product_tag?post=8778"}],"curies":[{"name":"wp","href":"https:\/\/api.w.org\/{rel}","templated":true}]}}